{"id":677,"date":"2013-04-24T03:30:58","date_gmt":"2013-04-24T10:30:58","guid":{"rendered":"http:\/\/www.stanford.edu\/group\/sailsbury_robotx\/cgi-bin\/salisbury_lab\/?page_id=677"},"modified":"2013-05-02T13:56:10","modified_gmt":"2013-05-02T20:56:10","slug":"cedric-schwab","status":"publish","type":"page","link":"https:\/\/sr.stanford.edu\/?page_id=677","title":{"rendered":"C\u00e9dric Schwab"},"content":{"rendered":"<div style=\"margin: 20px;\">\n<div style=\"display: inline-block;\"><img class=\"size-full wp-image-41\" alt=\"C\u00e9dric Schwab\" src=\"http:\/\/www.stanford.edu\/group\/sailsbury_robotx\/cgi-bin\/salisbury_lab\/wp-content\/uploads\/2013\/04\/Cedric-Schwab.jpg\" \/><\/div>\n<div style=\"display: inline-block; vertical-align: top; margin-left: 50px;\">\n<p class=\"lead\"><a title=\"C\u00e9dric Schwab\" href=\"http:\/\/www.stanford.edu\/group\/sailsbury_robotx\/cgi-bin\/salisbury_lab\/?page_id=677\">C\u00e9dric Schwab<\/a><\/p>\n<p>Masters Candidate<br \/>\nVirtual Reality and Active<br \/>\nInterfaces (VRAI) Group<br \/>\n\u00c9cole Polytechnique F\u00e9d\u00e9rale<br \/>\n de Lausanne (EPFL)<\/p>\n<p>cedric.schwab@gmail.com<br \/>\nLab: (650) 725-6046<br \/>\nPersonal Website: None\n<\/p><\/div>\n<\/div>\n<p><!--more--><\/p>\n<h2>Research Interests<\/h2>\n<h2>Projects<\/h2>\n<ul>\n<li><a href=\"http:\/\/www.stanford.edu\/group\/sailsbury_robotx\/cgi-bin\/salisbury_lab\/?page_id=399\" title=\"A 6-DoF Haptic Device for Microsurgery\">A 6-DoF Haptic Device for Microsurgery<\/a><\/li>\n<\/ul>\n<h2>Selected Publications<\/h2>\n<h2>Resume\/Curriculum Vitae<\/h2>\n","protected":false},"excerpt":{"rendered":"<p>C\u00e9dric Schwab Masters Candidate Virtual Reality and Active Interfaces (VRAI) Group \u00c9cole Polytechnique F\u00e9d\u00e9rale de Lausanne (EPFL) cedric.schwab@gmail.com Lab: (650) 725-6046 Personal Website: None<\/p>\n","protected":false},"author":3,"featured_media":0,"parent":895,"menu_order":0,"comment_status":"open","ping_status":"open","template":"","meta":[],"_links":{"self":[{"href":"https:\/\/sr.stanford.edu\/index.php?rest_route=\/wp\/v2\/pages\/677"}],"collection":[{"href":"https:\/\/sr.stanford.edu\/index.php?rest_route=\/wp\/v2\/pages"}],"about":[{"href":"https:\/\/sr.stanford.edu\/index.php?rest_route=\/wp\/v2\/types\/page"}],"author":[{"embeddable":true,"href":"https:\/\/sr.stanford.edu\/index.php?rest_route=\/wp\/v2\/users\/3"}],"replies":[{"embeddable":true,"href":"https:\/\/sr.stanford.edu\/index.php?rest_route=%2Fwp%2Fv2%2Fcomments&post=677"}],"version-history":[{"count":5,"href":"https:\/\/sr.stanford.edu\/index.php?rest_route=\/wp\/v2\/pages\/677\/revisions"}],"predecessor-version":[{"id":1577,"href":"https:\/\/sr.stanford.edu\/index.php?rest_route=\/wp\/v2\/pages\/677\/revisions\/1577"}],"up":[{"embeddable":true,"href":"https:\/\/sr.stanford.edu\/index.php?rest_route=\/wp\/v2\/pages\/895"}],"wp:attachment":[{"href":"https:\/\/sr.stanford.edu\/index.php?rest_route=%2Fwp%2Fv2%2Fmedia&parent=677"}],"curies":[{"name":"wp","href":"https:\/\/api.w.org\/{rel}","templated":true}]}}