{"id":895,"date":"2013-04-29T02:15:39","date_gmt":"2013-04-29T09:15:39","guid":{"rendered":"http:\/\/www.stanford.edu\/group\/sailsbury_robotx\/cgi-bin\/salisbury_lab\/?page_id=895"},"modified":"2021-04-28T20:36:18","modified_gmt":"2021-04-29T03:36:18","slug":"former-students","status":"publish","type":"page","link":"https:\/\/sr.stanford.edu\/?page_id=895","title":{"rendered":"Former Students"},"content":{"rendered":"<div style=\"margin: 20px;\">\n<div>\n<div style=\"margin: 20px;\">\n<div style=\"display: inline-block;\"><img loading=\"lazy\" width=\"160\" height=\"200\" class=\"size-full wp-image-41\" src=\"http:\/\/www.stanford.edu\/group\/sailsbury_robotx\/cgi-bin\/salisbury_lab\/wp-content\/uploads\/2013\/04\/Reuben-Brewer.jpg\" alt=\"Reuben Brewer\" srcset=\"https:\/\/sr.stanford.edu\/wp-content\/uploads\/2013\/04\/Reuben-Brewer.jpg 160w, https:\/\/sr.stanford.edu\/wp-content\/uploads\/2013\/04\/Reuben-Brewer-120x150.jpg 120w\" sizes=\"(max-width: 160px) 100vw, 160px\" \/><\/div>\n<div style=\"display: inline-block; vertical-align: top; margin-left: 50px;\">\n<p class=\"lead\"><a title=\"Reuben Brewer\" href=\"http:\/\/www.stanford.edu\/group\/sailsbury_robotx\/cgi-bin\/salisbury_lab\/?page_id=163\">Reuben Brewer<\/a><br \/>\nPh.D. Candidate,<br \/>\nDepartment of Mechanical Engineering<br \/>\nSalisbury Robotics Lab Manager<\/p>\n<\/div>\n<\/div>\n<p><!-------------------------------><\/p>\n<div style=\"margin: 20px;\">\n<div style=\"display: inline-block;\"><img class=\"size-full wp-image-41\" src=\"http:\/\/www.stanford.edu\/group\/sailsbury_robotx\/cgi-bin\/salisbury_lab\/wp-content\/uploads\/2013\/04\/Sonny-Chan1.jpg\" alt=\"Sonny Chan\" \/><\/div>\n<div style=\"display: inline-block; vertical-align: top; margin-left: 50px;\">\n<p class=\"lead\"><a title=\"Sonny Chan\" href=\"http:\/\/www.stanford.edu\/group\/sailsbury_robotx\/cgi-bin\/salisbury_lab\/?page_id=633\">Sonny Chan<\/a><br \/>\nPh.D. Candidate,<br \/>\nDepartment of Computer Science<\/p>\n<\/div>\n<\/div>\n<p><!-------------------------------><\/p>\n<div style=\"margin: 20px;\">\n<div style=\"display: inline-block;\"><a href=\"https:\/\/sr.stanford.edu\/wp-content\/uploads\/2013\/04\/anonymous.jpg\"><img loading=\"lazy\" class=\"alignnone wp-image-903 \" src=\"https:\/\/sr.stanford.edu\/wp-content\/uploads\/2013\/04\/anonymous-289x300.jpg\" alt=\"\" width=\"157\" height=\"163\" srcset=\"https:\/\/sr.stanford.edu\/wp-content\/uploads\/2013\/04\/anonymous-289x300.jpg 289w, https:\/\/sr.stanford.edu\/wp-content\/uploads\/2013\/04\/anonymous.jpg 309w\" sizes=\"(max-width: 157px) 100vw, 157px\" \/><\/a><\/div>\n<div style=\"display: inline-block; vertical-align: top; margin-left: 50px;\">\n<p class=\"lead\"><a title=\"Brian Jo\" href=\"http:\/\/www.stanford.edu\/group\/sailsbury_robotx\/cgi-bin\/salisbury_lab\/?page_id=649\">Brian Jo<\/a><br \/>\nPh.D. Candidate,<br \/>\nInstitute of Computational<br \/>\nand Mathematical Engineering (ICME)<\/p>\n<\/div>\n<\/div>\n<p><!-------------------------------><\/p>\n<div style=\"margin: 20px;\">\n<div style=\"display: inline-block;\"><img class=\"size-full wp-image-41\" src=\"http:\/\/www.stanford.edu\/group\/sailsbury_robotx\/cgi-bin\/salisbury_lab\/wp-content\/uploads\/2013\/04\/Jonas-Forsslund1.jpg\" alt=\"Jonas Forsslund\" \/><\/div>\n<div style=\"display: inline-block; vertical-align: top; margin-left: 50px;\">\n<p class=\"lead\"><a title=\"Jonas Forsslund\" href=\"http:\/\/www.stanford.edu\/group\/sailsbury_robotx\/cgi-bin\/salisbury_lab\/?page_id=655\">Jonas Forsslund<\/a><br \/>\nPh.D. Candidate,<br \/>\nSchool of Computer<br \/>\nScience and Communication<br \/>\nKTH Royal Institute of Technology<\/p>\n<\/div>\n<\/div>\n<p><!-------------------------------><\/p>\n<div style=\"margin: 20px;\">\n<div style=\"display: inline-block;\"><img class=\"size-full wp-image-41\" src=\"http:\/\/www.stanford.edu\/group\/sailsbury_robotx\/cgi-bin\/salisbury_lab\/wp-content\/uploads\/2013\/04\/Adam-Leeper.jpg\" alt=\"Adam Leeper\" \/><\/div>\n<div style=\"display: inline-block; vertical-align: top; margin-left: 50px;\">\n<p class=\"lead\"><a title=\"Adam Leeper\" href=\"http:\/\/www.stanford.edu\/group\/sailsbury_robotx\/cgi-bin\/salisbury_lab\/?page_id=659\">Adam Leeper<\/a><br \/>\nPh.D. Candidate,<br \/>\nDepartment of Mechanical Engineering<\/p>\n<\/div>\n<\/div>\n<p><!-------------------------------><\/p>\n<div style=\"margin: 20px;\">\n<div style=\"display: inline-block;\"><img class=\"size-full wp-image-41\" style=\"width: 160px;\" src=\"http:\/\/www.stanford.edu\/group\/sailsbury_robotx\/cgi-bin\/salisbury_lab\/wp-content\/uploads\/2013\/04\/tony-pratkanis-240x300.jpg\" alt=\"Tony Pratkanis\" \/><\/div>\n<div style=\"display: inline-block; vertical-align: top; margin-left: 50px;\">\n<p class=\"lead\"><a title=\"Tony Pratkanis\" href=\"http:\/\/www.stanford.edu\/group\/sailsbury_robotx\/cgi-bin\/salisbury_lab\/?page_id=1543\">Tony Pratkanis<\/a><br \/>\nUndergraduate,<br \/>\nDepartment of Computer Science<\/p>\n<\/div>\n<\/div>\n<p><!-------------------------------><\/p>\n<div style=\"margin: 20px;\">\n<div style=\"display: inline-block;\"><img class=\"size-full wp-image-41\" src=\"http:\/\/www.stanford.edu\/group\/sailsbury_robotx\/cgi-bin\/salisbury_lab\/wp-content\/uploads\/2013\/04\/Aubrey-Shapero.jpg\" alt=\"Aubrey Shapero\" \/><\/div>\n<div style=\"display: inline-block; vertical-align: top; margin-left: 50px;\">\n<p class=\"lead\"><a title=\"Aubrey Shapero\" href=\"http:\/\/www.stanford.edu\/group\/sailsbury_robotx\/cgi-bin\/salisbury_lab\/?page_id=691\">Aubrey Shapero<\/a><br \/>\nUndergraduate,<br \/>\nDepartment of Electrical Engineering<\/p>\n<\/div>\n<\/div>\n<p><!-------------------------------><\/p>\n<div style=\"margin: 20px;\">\n<div style=\"display: inline-block;\"><img class=\"size-full wp-image-41\" src=\"http:\/\/www.stanford.edu\/group\/sailsbury_robotx\/cgi-bin\/salisbury_lab\/wp-content\/uploads\/2013\/04\/Robert-Wilson.jpg\" alt=\"Rob Wilson\" \/><\/div>\n<div style=\"display: inline-block; vertical-align: top; margin-left: 50px;\">\n<p class=\"lead\"><a title=\"Rob Wilson\" href=\"http:\/\/www.stanford.edu\/group\/sailsbury_robotx\/cgi-bin\/salisbury_lab\/?page_id=707\">Rob Wilson<\/a><br \/>\nPh.D. Candidate,<br \/>\nDepartment of Mechanical Engineering<\/p>\n<\/div>\n<\/div>\n<p><!-------------------------------><\/p>\n<div style=\"margin: 20px;\">\n<div style=\"display: inline-block;\"><img class=\"size-full wp-image-41\" src=\"http:\/\/www.stanford.edu\/group\/sailsbury_robotx\/cgi-bin\/salisbury_lab\/wp-content\/uploads\/2013\/04\/Michael-Yip1.jpg\" alt=\"Michael Yip\" \/><\/div>\n<div style=\"display: inline-block; vertical-align: top; margin-left: 50px;\">\n<p class=\"lead\"><a title=\"Michael Yip\" href=\"http:\/\/www.stanford.edu\/group\/sailsbury_robotx\/cgi-bin\/salisbury_lab\/?page_id=711\">Michael Yip<\/a><br \/>\nPh.D. Candidate,<br \/>\nDepartment of Bioengineering<\/p>\n<\/div>\n<\/div>\n<\/div>\n<div style=\"display: inline-block;\"><img class=\"size-full wp-image-41\" style=\"width: 171px;\" src=\"http:\/\/www.stanford.edu\/group\/sailsbury_robotx\/cgi-bin\/salisbury_lab\/wp-content\/uploads\/2013\/04\/federico_barbagali-225x300.jpg\" alt=\"Federico Barbagli, Ph.D.\" \/><\/div>\n<div style=\"display: inline-block; vertical-align: top; margin-left: 50px;\">\n<p class=\"lead\"><a title=\"Federico Barbagli, Ph.D.\" href=\"http:\/\/www.stanford.edu\/group\/sailsbury_robotx\/cgi-bin\/salisbury_lab\/?page_id=953\">Federico Barbagli, Ph.D.<\/a><br \/>\nResearch Fellow, Consulting Professor<br \/>\nDepartment of Computer Science<\/p>\n<\/div>\n<\/div>\n<p><!-------------------------------><\/p>\n<div style=\"margin: 20px;\">\n<div style=\"display: inline-block;\"><img class=\"size-full wp-image-41\" src=\"http:\/\/www.stanford.edu\/group\/sailsbury_robotx\/cgi-bin\/salisbury_lab\/wp-content\/uploads\/2013\/04\/Qiao-Zhao1.jpg\" alt=\"Qiao Zhao\" \/><\/div>\n<div style=\"display: inline-block; vertical-align: top; margin-left: 50px;\">\n<p class=\"lead\"><a title=\"Qiao Zhao\" href=\"http:\/\/www.stanford.edu\/group\/sailsbury_robotx\/cgi-bin\/salisbury_lab\/?page_id=719\">Qiao Zhao<\/a><br \/>\nPh.D. Candidate,<br \/>\nDepartment of Computer Science<\/p>\n<\/div>\n<\/div>\n<p><!-------------------------------><\/p>\n<div style=\"margin: 20px;\">\n<div style=\"display: inline-block;\"><img class=\"size-full wp-image-41\" src=\"http:\/\/www.stanford.edu\/group\/sailsbury_robotx\/cgi-bin\/salisbury_lab\/wp-content\/uploads\/2013\/04\/morgan-quigley1.jpg\" alt=\"Morgan Quigley\" \/><\/div>\n<div style=\"display: inline-block; vertical-align: top; margin-left: 50px;\">\n<p class=\"lead\"><a title=\"Morgan Quigley\" href=\"http:\/\/www.stanford.edu\/group\/sailsbury_robotx\/cgi-bin\/salisbury_lab\/?page_id=667\">Morgan Quigley<\/a><br \/>\nPh.D. Candidate,<br \/>\nDepartment of Computer Science<\/p>\n<\/div>\n<\/div>\n<p><!-------------------------------><\/p>\n<div style=\"margin: 20px;\">\n<div style=\"display: inline-block;\"><img class=\"size-full wp-image-41\" src=\"http:\/\/www.stanford.edu\/group\/sailsbury_robotx\/cgi-bin\/salisbury_lab\/wp-content\/uploads\/2013\/04\/Dan-Walker.jpg\" alt=\"Dan Walker\" \/><\/div>\n<div style=\"display: inline-block; vertical-align: top; margin-left: 50px;\">\n<p class=\"lead\"><a title=\"Dan Walker\" href=\"http:\/\/www.stanford.edu\/group\/sailsbury_robotx\/cgi-bin\/salisbury_lab\/?page_id=699\">Dan Walker<\/a><br \/>\nPh.D. Candidate,<br \/>\nDepartment of Mechanical Engineering<\/p>\n<\/div>\n<\/div>\n<p><!-------------------------------><\/p>\n<div style=\"margin: 20px;\">\n<div style=\"display: inline-block;\"><img class=\"size-full wp-image-41\" src=\"http:\/\/www.stanford.edu\/group\/sailsbury_robotx\/cgi-bin\/salisbury_lab\/wp-content\/uploads\/2013\/04\/Cedric-Schwab.jpg\" alt=\"C\u00e9dric Schwab\" \/><\/div>\n<div style=\"display: inline-block; vertical-align: top; margin-left: 50px;\">\n<p class=\"lead\"><a title=\"C\u00e9dric Schwab\" href=\"http:\/\/www.stanford.edu\/group\/sailsbury_robotx\/cgi-bin\/salisbury_lab\/?page_id=677\">C\u00e9dric Schwab<\/a><br \/>\nMasters Candidate,<br \/>\nVirtual Reality and Active<br \/>\nInterfaces (VRAI) Group,<br \/>\n\u00c9cole Polytechnique F\u00e9d\u00e9rale<br \/>\nde Lausanne (EPFL)<\/p>\n<\/div>\n<\/div>\n<div style=\"margin: 20px;\">\n<div style=\"display: inline-block;\"><img class=\"size-full wp-image-41\" src=\"http:\/\/www.stanford.edu\/group\/sailsbury_robotx\/cgi-bin\/salisbury_lab\/wp-content\/uploads\/2013\/04\/Jeff-Schlosser.jpg\" alt=\"Jeff Schlosser\" \/><\/div>\n<div style=\"display: inline-block; vertical-align: top; margin-left: 50px;\">\n<p class=\"lead\"><a title=\"Jeff Schlosser\" href=\"http:\/\/www.stanford.edu\/group\/sailsbury_robotx\/cgi-bin\/salisbury_lab\/?page_id=683\">Jeff Schlosser<\/a><br \/>\nPh.D. Candidate,<br \/>\nDepartment of Mechanical Engineering<\/p>\n<\/div>\n<\/div>\n<p><!-------------------------------><\/p>\n<div style=\"margin: 20px;\">\n<div style=\"display: inline-block;\"><img class=\"size-full wp-image-41\" src=\"http:\/\/www.stanford.edu\/group\/sailsbury_robotx\/cgi-bin\/salisbury_lab\/wp-content\/uploads\/2013\/04\/Sarah-Marie-Chan1.jpg\" alt=\"Sarah-Marie Chan\" \/><\/div>\n<div style=\"display: inline-block; vertical-align: top; margin-left: 50px;\">\n<p class=\"lead\"><a title=\"Sarah-Marie Chan\" href=\"http:\/\/www.stanford.edu\/group\/sailsbury_robotx\/cgi-bin\/salisbury_lab\/?page_id=627\">Sarah-Marie Chan<\/a><br \/>\nUndergraduate,<br \/>\nDesign School<\/p>\n<\/div>\n<\/div>\n<p><!-------------------------------><\/p>\n<div style=\"margin: 20px;\">\n<div style=\"display: inline-block;\"><img class=\"size-full wp-image-41\" src=\"http:\/\/www.stanford.edu\/group\/sailsbury_robotx\/cgi-bin\/salisbury_lab\/wp-content\/uploads\/2013\/04\/Dillon-McCoy1.jpg\" alt=\"Dillon McCoy\" \/><\/div>\n<div style=\"display: inline-block; vertical-align: top; margin-left: 50px;\">\n<p class=\"lead\"><a title=\"Dillon McCoy\" href=\"http:\/\/www.stanford.edu\/group\/sailsbury_robotx\/cgi-bin\/salisbury_lab\/?page_id=663\">Dillon McCoy<\/a><br \/>\nUndergraduate,<br \/>\nDepartment of Computer Science<\/p>\n<\/div>\n<\/div>\n<p><!-------------------------------><\/p>\n<div style=\"margin: 20px;\">\n<div style=\"display: inline-block;\"><img class=\"size-full wp-image-41\" src=\"http:\/\/www.stanford.edu\/group\/sailsbury_robotx\/cgi-bin\/salisbury_lab\/wp-content\/uploads\/2013\/04\/Marie-Feng1.jpg\" alt=\"Marie Feng\" \/><\/div>\n<div style=\"display: inline-block; vertical-align: top; margin-left: 50px;\">\n<p class=\"lead\"><a title=\"Marie Feng\" href=\"http:\/\/www.stanford.edu\/group\/sailsbury_robotx\/cgi-bin\/salisbury_lab\/?page_id=643\">Marie Feng<\/a><br \/>\nUndergraduate,<br \/>\nDepartment of Computer Science<\/p>\n<\/div>\n<\/div>\n<p><!-------------------------------><\/p>\n<div style=\"margin: 20px;\">\n<div style=\"display: inline-block;\"><img class=\"size-full wp-image-41\" style=\"width: 171px;\" src=\"http:\/\/www.stanford.edu\/group\/sailsbury_robotx\/cgi-bin\/salisbury_lab\/wp-content\/uploads\/2013\/04\/eric_berger.jpg\" alt=\"Eric Berger\" \/><\/div>\n<div style=\"display: inline-block; vertical-align: top; margin-left: 50px;\">\n<p class=\"lead\"><a title=\"Eric Berger\" href=\"http:\/\/www.stanford.edu\/group\/sailsbury_robotx\/cgi-bin\/salisbury_lab\/?page_id=961\">Eric Berger<\/a><br \/>\nPh.D. Candidate, on Leave<br \/>\nDepartment of Computer Science<\/p>\n<\/div>\n<\/div>\n<p><!-------------------------------><\/p>\n<div style=\"margin: 20px;\">\n<div style=\"display: inline-block;\"><img class=\"size-full wp-image-41\" style=\"width: 171px;\" src=\"http:\/\/www.stanford.edu\/group\/sailsbury_robotx\/cgi-bin\/salisbury_lab\/wp-content\/uploads\/2013\/04\/camarillo-sm.jpg\" alt=\"David Camarillo, Ph.D.\" \/><\/div>\n<div style=\"display: inline-block; vertical-align: top; margin-left: 50px;\">\n<p class=\"lead\"><a title=\"David Camarillo, Ph.D.\" href=\"http:\/\/www.stanford.edu\/group\/sailsbury_robotx\/cgi-bin\/salisbury_lab\/?page_id=967\">David Camarillo, Ph.D.<\/a><br \/>\nGraduated with Ph.D.<br \/>\nDepartment of Mechanical Engineering<\/p>\n<\/div>\n<\/div>\n<p><!-------------------------------><\/p>\n<div style=\"margin: 20px;\">\n<div style=\"display: inline-block;\"><img class=\"size-full wp-image-41\" style=\"width: 171px;\" src=\"http:\/\/www.stanford.edu\/group\/sailsbury_robotx\/cgi-bin\/salisbury_lab\/wp-content\/uploads\/2013\/04\/anonymous-289x300.jpg\" alt=\"Kent Frankovich\" \/><\/div>\n<div style=\"display: inline-block; vertical-align: top; margin-left: 50px;\">\n<p class=\"lead\"><a title=\"Kent Frankovich\" href=\"http:\/\/www.stanford.edu\/group\/sailsbury_robotx\/cgi-bin\/salisbury_lab\/?page_id=977\">Kent Frankovich<\/a><br \/>\nGraduated with Masters<br \/>\nDepartment of Mechanical Engineering<\/p>\n<\/div>\n<\/div>\n<p><!-------------------------------><\/p>\n<div style=\"margin: 20px;\">\n<div style=\"display: inline-block;\"><img class=\"size-full wp-image-41\" style=\"width: 171px;\" src=\"http:\/\/www.stanford.edu\/group\/sailsbury_robotx\/cgi-bin\/salisbury_lab\/wp-content\/uploads\/2013\/04\/anonymous-289x300.jpg\" alt=\"Kevin Loewke, Ph.D.\" \/><\/div>\n<div style=\"display: inline-block; vertical-align: top; margin-left: 50px;\">\n<p class=\"lead\"><a title=\"Kevin Loewke, Ph.D.\" href=\"http:\/\/www.stanford.edu\/group\/sailsbury_robotx\/cgi-bin\/salisbury_lab\/?page_id=985\">Kevin Loewke, Ph.D.<\/a><br \/>\nGraduated with Ph.D.<br \/>\nDepartment of Mechanical Engineering<\/p>\n<\/div>\n<\/div>\n<p><!-------------------------------><\/p>\n<div style=\"margin: 20px;\">\n<div style=\"display: inline-block;\"><img class=\"size-full wp-image-41\" style=\"width: 171px;\" src=\"http:\/\/www.stanford.edu\/group\/sailsbury_robotx\/cgi-bin\/salisbury_lab\/wp-content\/uploads\/2013\/04\/anonymous-289x300.jpg\" alt=\"Dan Morris, Ph.D.\" \/><\/div>\n<div style=\"display: inline-block; vertical-align: top; margin-left: 50px;\">\n<p class=\"lead\"><a title=\"Dan Morris, Ph.D.\" href=\"http:\/\/www.stanford.edu\/group\/sailsbury_robotx\/cgi-bin\/salisbury_lab\/?page_id=991\">Dan Morris, Ph.D.<\/a><br \/>\nGraduated with Ph.D.<br \/>\nDepartment of Computer Science<\/p>\n<\/div>\n<\/div>\n<p><!-------------------------------><\/p>\n<div style=\"margin: 20px;\">\n<div style=\"display: inline-block;\"><img class=\"size-full wp-image-41\" style=\"width: 171px;\" src=\"http:\/\/www.stanford.edu\/group\/sailsbury_robotx\/cgi-bin\/salisbury_lab\/wp-content\/uploads\/2013\/04\/curt_salisbury-200x300.jpg\" alt=\"Curt Salisbury, Ph.D.\" \/><\/div>\n<div style=\"display: inline-block; vertical-align: top; margin-left: 50px;\">\n<p class=\"lead\"><a title=\"Curt Salisbury, Ph.D.\" href=\"http:\/\/www.stanford.edu\/group\/sailsbury_robotx\/cgi-bin\/salisbury_lab\/?page_id=995\">Curt Salisbury, Ph.D.<\/a><br \/>\nGraduated with Ph.D.<br \/>\nDepartment of Mechanical Engineering<br \/>\nStanford University<\/p>\n<\/div>\n<\/div>\n<p><!-------------------------------><\/p>\n<div style=\"margin: 20px;\">\n<div style=\"display: inline-block;\"><img class=\"size-full wp-image-41\" style=\"width: 171px;\" src=\"http:\/\/www.stanford.edu\/group\/sailsbury_robotx\/cgi-bin\/salisbury_lab\/wp-content\/uploads\/2013\/04\/anonymous-289x300.jpg\" alt=\"Chris Sewell, Ph.D.\" \/><\/div>\n<div style=\"display: inline-block; vertical-align: top; margin-left: 50px;\">\n<p class=\"lead\"><a title=\"Chris Sewell, Ph.D\" href=\"http:\/\/www.stanford.edu\/group\/sailsbury_robotx\/cgi-bin\/salisbury_lab\/?page_id=1177\">Chris Sewell, Ph.D.<\/a><br \/>\nGraduated with Ph.D.<br \/>\nDepartment of Computer Science<\/p>\n<\/div>\n<\/div>\n<p><!-------------------------------><\/p>\n<div style=\"margin: 20px;\">\n<div style=\"display: inline-block;\"><img class=\"size-full wp-image-41\" style=\"width: 171px;\" src=\"http:\/\/www.stanford.edu\/group\/sailsbury_robotx\/cgi-bin\/salisbury_lab\/wp-content\/uploads\/2013\/04\/anonymous-289x300.jpg\" alt=\"Sean Walker, Ph.D.\" \/><\/div>\n<div style=\"display: inline-block; vertical-align: top; margin-left: 50px;\">\n<p class=\"lead\"><a title=\"Sean Walker, Ph.D.\" href=\"http:\/\/www.stanford.edu\/group\/sailsbury_robotx\/cgi-bin\/salisbury_lab\/?page_id=1185\">Sean Walker, Ph.D.<\/a><br \/>\nGraduated with Ph.D.<br \/>\nDepartment of Computer Science<\/p>\n<\/div>\n<\/div>\n<p><!-------------------------------><\/p>\n<div style=\"margin: 20px;\">\n<div style=\"display: inline-block;\"><img class=\"size-full wp-image-41\" style=\"width: 171px;\" src=\"http:\/\/www.stanford.edu\/group\/sailsbury_robotx\/cgi-bin\/salisbury_lab\/wp-content\/uploads\/2013\/04\/Ben-Wilson-240x300.jpg\" alt=\"Ben Wilson\" \/><\/div>\n<div style=\"display: inline-block; vertical-align: top; margin-left: 50px;\">\n<p class=\"lead\"><a title=\"Ben Wilson\" href=\"http:\/\/www.stanford.edu\/group\/sailsbury_robotx\/cgi-bin\/salisbury_lab\/?page_id=1189\">Ben Wilson<\/a><br \/>\nGraduated with Masters<br \/>\nDepartment of Mechanical Engineering<\/p>\n<\/div>\n<\/div>\n<p><!-------------------------------><\/p>\n<div style=\"margin: 20px;\">\n<div style=\"display: inline-block;\"><img class=\"size-full wp-image-41\" style=\"width: 171px;\" src=\"http:\/\/www.stanford.edu\/group\/sailsbury_robotx\/cgi-bin\/salisbury_lab\/wp-content\/uploads\/2013\/04\/keenan_wyrobek.jpg\" alt=\"Keenan Wyrobek\" \/><\/div>\n<div style=\"display: inline-block; vertical-align: top; margin-left: 50px;\">\n<p class=\"lead\"><a title=\"Keenan Wyrobek\" href=\"http:\/\/www.stanford.edu\/group\/sailsbury_robotx\/cgi-bin\/salisbury_lab\/?page_id=1197\">Keenan Wyrobek<\/a><br \/>\nPh.D. Candidate, on Leave<br \/>\nDepartment of Mechanical Engineering<\/p>\n<\/div>\n<\/div>\n<p><!-------------------------------><\/p>\n<ul>\n<li><b>Remis Balaniuk<\/b>, Post-Doc, Deformable Tissue Simulation<\/li>\n<li><b>Roman Devengenzo<\/b>, Maters Student, Force Feedback Grips for Haptic Interactions<\/li>\n<li><b>Derek Gaw<\/b>, Undergrad (summer), Embedding haptics in movies<\/li>\n<li><b>Unnur Gretarsdottir<\/b>, MS Student, Haptics for the desktop environment<\/li>\n<li><b>Paul Nangeroni<\/b>, MS student, Mechanism Design<\/li>\n<li><b>Josh Oechslin<\/b>, MS student, Robotics<\/li>\n<li><b>Kirk Phelps<\/b>, MS Student, Serpentine Robots, Tactile Interfaces, Tele-Dermatology<\/li>\n<li><b>Lee Redden<\/b>, MS Student, Haptics<\/li>\n<li><b>Brandon Stafford<\/b>, MS student, Human-Friendly Robotics, CANbus control<\/li>\n<li><b>Josh Stern<\/b>, Undergrad (summer), GPU-accelerated physical simulation<\/li>\n<li><b>Yuka Teraguchi<\/b>, Undergrad (summer), Haptics in downloadable media<\/li>\n<li><b>Doug Wilson<\/b>, Undergrad (summer), Rendering techniques for surgical simulation<\/li>\n<li><b>Ashley Wellman<\/b>, MS Student, Personal Robotics<\/li>\n<li><b>Lauren Wessel<\/b>, MS student, Personal Robotics<\/li>\n<li><b>Sue-Lynn Wu<\/b>, MS Student, Serpentine Robots, Robot-Assisted Surgery<\/li>\n<\/ul>\n","protected":false},"excerpt":{"rendered":"<p>Reuben Brewer Ph.D. Candidate, Department of Mechanical Engineering Salisbury Robotics Lab Manager Sonny Chan Ph.D. Candidate, Department of Computer Science Brian Jo Ph.D. Candidate, Institute of Computational and Mathematical Engineering (ICME) Jonas Forsslund Ph.D. Candidate, School of Computer Science and Communication KTH Royal Institute of Technology Adam Leeper Ph.D. Candidate, Department of Mechanical Engineering Tony &hellip;<\/p>\n<p class=\"read-more\"> <a class=\"\" href=\"https:\/\/sr.stanford.edu\/?page_id=895\"> <span class=\"screen-reader-text\">Former Students<\/span> Read More &raquo;<\/a><\/p>\n","protected":false},"author":3,"featured_media":0,"parent":841,"menu_order":0,"comment_status":"open","ping_status":"open","template":"","meta":[],"_links":{"self":[{"href":"https:\/\/sr.stanford.edu\/index.php?rest_route=\/wp\/v2\/pages\/895"}],"collection":[{"href":"https:\/\/sr.stanford.edu\/index.php?rest_route=\/wp\/v2\/pages"}],"about":[{"href":"https:\/\/sr.stanford.edu\/index.php?rest_route=\/wp\/v2\/types\/page"}],"author":[{"embeddable":true,"href":"https:\/\/sr.stanford.edu\/index.php?rest_route=\/wp\/v2\/users\/3"}],"replies":[{"embeddable":true,"href":"https:\/\/sr.stanford.edu\/index.php?rest_route=%2Fwp%2Fv2%2Fcomments&post=895"}],"version-history":[{"count":25,"href":"https:\/\/sr.stanford.edu\/index.php?rest_route=\/wp\/v2\/pages\/895\/revisions"}],"predecessor-version":[{"id":2549,"href":"https:\/\/sr.stanford.edu\/index.php?rest_route=\/wp\/v2\/pages\/895\/revisions\/2549"}],"up":[{"embeddable":true,"href":"https:\/\/sr.stanford.edu\/index.php?rest_route=\/wp\/v2\/pages\/841"}],"wp:attachment":[{"href":"https:\/\/sr.stanford.edu\/index.php?rest_route=%2Fwp%2Fv2%2Fmedia&parent=895"}],"curies":[{"name":"wp","href":"https:\/\/api.w.org\/{rel}","templated":true}]}}